{"id":61160,"date":"2021-06-05T00:08:43","date_gmt":"2021-06-05T04:08:43","guid":{"rendered":"https:\/\/refonte.hampstead.penega.dev\/?page_id=61160"},"modified":"2026-04-09T15:04:00","modified_gmt":"2026-04-09T19:04:00","slug":"pets","status":"publish","type":"page","link":"https:\/\/refonte.hampstead.penega.dev\/en\/services\/pets\/","title":{"rendered":"Pets"},"content":{"rendered":"\t\t<div data-elementor-type=\"wp-page\" data-elementor-id=\"61160\" class=\"elementor elementor-61160 elementor-1068\" data-elementor-post-type=\"page\">\n\t\t\t\t<div class=\"elementor-element elementor-element-ab0b9cc e-flex e-con-boxed e-con e-parent\" data-id=\"ab0b9cc\" data-element_type=\"container\" data-e-type=\"container\">\n\t\t\t\t\t<div class=\"e-con-inner\">\n\t\t\t\t<div class=\"elementor-element elementor-element-6878d7e elementor-widget elementor-widget-text-editor\" data-id=\"6878d7e\" data-element_type=\"widget\" data-e-type=\"widget\" data-widget_type=\"text-editor.default\">\n\t\t\t\t\t\t\t\t\t<h2>Owner responsibilities and animal registration<\/h2><h5>The Town of Hampstead regulates pet ownership to ensure public safety, cleanliness and harmonious coexistence within the community.<\/h5><h5>Pet owners are required to comply with municipal regulations regarding registration, control and sanitation.<\/h5><h5>These rules are designed to protect both residents and animals.<\/h5>\t\t\t\t\t\t\t\t<\/div>\n\t\t\t\t<div class=\"elementor-element elementor-element-8081866 elementor-widget elementor-widget-social_share\" data-id=\"8081866\" data-element_type=\"widget\" data-e-type=\"widget\" data-widget_type=\"social_share.default\">\n\t\t\t\t<div class=\"elementor-widget-container\">\n\t\t\t\t\t        <div class=\"share-module\">\n            <span>Share<\/span>\n                            <a href=\"#\" data-network=\"facebook\">\n                    <i class=\"fa-brands fa-facebook\"><\/i>\n                <\/a>\n                                        <a href=\"#\" data-network=\"linkedin\">\n                    <i class=\"fa-brands fa-linkedin\"><\/i>\n                <\/a>\n                                        <a href=\"#\" data-network=\"email\">\n                    <i class=\"fas fa-envelope\"><\/i>\n                <\/a>\n                    <\/div>\n\n        <script type=\"text\/javascript\">\n            document.querySelectorAll('.share-module a').forEach(link => {\n                link.addEventListener('click', function (e) {\n                    e.preventDefault();\n\n                    const url = encodeURIComponent(window.location.href);\n                    const title = encodeURIComponent(document.title);\n\n                    let shareUrl = '';\n\n                    switch (this.dataset.network) {\n                        case 'facebook':\n                            shareUrl = `https:\/\/www.facebook.com\/sharer\/sharer.php?u=${url}`;\n                            break;\n\n                        case 'twitter':\n                            shareUrl = `https:\/\/twitter.com\/intent\/tweet?url=${url}&text=${title}`;\n                            break;\n\n                        case 'linkedin':\n                            shareUrl = `https:\/\/www.linkedin.com\/sharing\/share-offsite\/?url=${url}`;\n                            break;\n\n                        case 'email':\n                            shareUrl = `mailto:?subject=${title}&body=${url}`;\n                            const mailLink = document.createElement(\"a\");\n                            mailLink.href = shareUrl;\n                            mailLink.click(); \/\/ Triggers the system mail client\n                            break;\n                    }\n\n                    if (shareUrl.indexOf('http') === 0) {\n                        window.open(shareUrl, '_blank', 'width=600,height=400');\n                    }\n                });\n            });\n        <\/script>\n        \t\t\t\t<\/div>\n\t\t\t\t<\/div>\n\t\t\t\t<div class=\"elementor-element elementor-element-df21b50 elementor-widget elementor-widget-box_content\" data-id=\"df21b50\" data-element_type=\"widget\" data-e-type=\"widget\" data-widget_type=\"box_content.default\">\n\t\t\t\t<div class=\"elementor-widget-container\">\n\t\t\t\t\t        <div class=\"box-content\">\n            <div class=\"row align-items-center\">\n                                <div class=\"col\">\n                    <h4>Mandatory registration<\/h4>\n                    <div class=\"box-content-description\">\n                        <p>All dogs must be registered with the Town in accordance with By-law 761-3.<\/p><p>Annual registration:<\/p><ul><li>Increases the likelihood of recovering a lost pet<\/li><li>Confirms required vaccinations are up to date<\/li><li>Provides access to certain municipal facilities where applicable<\/li><\/ul><p>Owners without a valid license are subject to fines of $50 for a first offence and $100 for subsequent offences.<\/p>                    <\/div>\n                <\/div>\n            <\/div>\n        <\/div>\n    \t\t\t\t<\/div>\n\t\t\t\t<\/div>\n\t\t\t\t<div class=\"elementor-element elementor-element-5757ca8 elementor-widget elementor-widget-button\" data-id=\"5757ca8\" data-element_type=\"widget\" data-e-type=\"widget\" data-widget_type=\"button.default\">\n\t\t\t\t\t\t\t\t\t\t<a class=\"elementor-button elementor-button-link elementor-size-sm\" href=\"https:\/\/my.hampstead.qc.ca\/client\/animals\" target=\"_blank\">\n\t\t\t\t\t\t<span class=\"elementor-button-content-wrapper\">\n\t\t\t\t\t\t\t\t\t<span class=\"elementor-button-text\">Obtain a permit <\/span>\n\t\t\t\t\t<\/span>\n\t\t\t\t\t<\/a>\n\t\t\t\t\t\t\t\t<\/div>\n\t\t\t\t<div class=\"elementor-element elementor-element-f270aef elementor-widget elementor-widget-n-accordion\" data-id=\"f270aef\" data-element_type=\"widget\" data-e-type=\"widget\" data-settings=\"{&quot;default_state&quot;:&quot;expanded&quot;,&quot;max_items_expended&quot;:&quot;one&quot;,&quot;n_accordion_animation_duration&quot;:{&quot;unit&quot;:&quot;ms&quot;,&quot;size&quot;:400,&quot;sizes&quot;:[]}}\" data-widget_type=\"nested-accordion.default\">\n\t\t\t\t\t\t\t<div class=\"e-n-accordion\" aria-label=\"Accordion. Open links with Enter or Space, close with Escape, and navigate with Arrow Keys\">\n\t\t\t\t\t\t<details id=\"e-n-accordion-item-2540\" class=\"e-n-accordion-item\" open>\n\t\t\t\t<summary class=\"e-n-accordion-item-title\" data-accordion-index=\"1\" tabindex=\"0\" aria-expanded=\"true\" aria-controls=\"e-n-accordion-item-2540\" >\n\t\t\t\t\t<span class='e-n-accordion-item-title-header'><h5 class=\"e-n-accordion-item-title-text\"> Dog permit <\/h5><\/span>\n\t\t\t\t\t\t\t<span class='e-n-accordion-item-title-icon'>\n\t\t\t<span class='e-opened' ><svg aria-hidden=\"true\" class=\"e-font-icon-svg e-fas-chevron-down\" viewBox=\"0 0 448 512\" xmlns=\"http:\/\/www.w3.org\/2000\/svg\"><path d=\"M207.029 381.476L12.686 187.132c-9.373-9.373-9.373-24.569 0-33.941l22.667-22.667c9.357-9.357 24.522-9.375 33.901-.04L224 284.505l154.745-154.021c9.379-9.335 24.544-9.317 33.901.04l22.667 22.667c9.373 9.373 9.373 24.569 0 33.941L240.971 381.476c-9.373 9.372-24.569 9.372-33.942 0z\"><\/path><\/svg><\/span>\n\t\t\t<span class='e-closed'><svg aria-hidden=\"true\" class=\"e-font-icon-svg e-fas-chevron-right\" viewBox=\"0 0 320 512\" xmlns=\"http:\/\/www.w3.org\/2000\/svg\"><path d=\"M285.476 272.971L91.132 467.314c-9.373 9.373-24.569 9.373-33.941 0l-22.667-22.667c-9.357-9.357-9.375-24.522-.04-33.901L188.505 256 34.484 101.255c-9.335-9.379-9.317-24.544.04-33.901l22.667-22.667c9.373-9.373 24.569-9.373 33.941 0L285.475 239.03c9.373 9.372 9.373 24.568.001 33.941z\"><\/path><\/svg><\/span>\n\t\t<\/span>\n\n\t\t\t\t\t\t<\/summary>\n\t\t\t\t<div role=\"region\" aria-labelledby=\"e-n-accordion-item-2540\" class=\"elementor-element elementor-element-d96baf3 e-con-full e-flex e-con e-child\" data-id=\"d96baf3\" data-element_type=\"container\" data-e-type=\"container\">\n\t\t\t\t<div class=\"elementor-element elementor-element-13cd63e elementor-widget elementor-widget-text-editor\" data-id=\"13cd63e\" data-element_type=\"widget\" data-e-type=\"widget\" data-widget_type=\"text-editor.default\">\n\t\t\t\t\t\t\t\t\t<p>Your permit will be valid when we verify the uploaded required documents online.<\/p><p>Required documents :<\/p><ul><li>Proof of residency;<\/li><li>Proof of sterilization;<\/li><li>Your most recent vaccination certificate.<\/li><\/ul><p><strong>Registration fees:<br \/><\/strong>Dog licenses are valid for one year from the initial registration date. Dog License fees are as follows and are subject to change:<\/p><table style=\"border-collapse: collapse; width: 100%;\"><tbody><tr><td style=\"width: 33.3333%;\">\u00a0<\/td><td style=\"width: 33.3333%;\"><strong>Residents<\/strong><\/td><td style=\"width: 33.3333%;\"><strong>Non-residents<\/strong><\/td><\/tr><tr><td style=\"width: 33.3333%;\">Sterilized dogs<\/td><td style=\"width: 33.3333%;\">$52<\/td><td style=\"width: 33.3333%;\">$78<\/td><\/tr><tr><td style=\"width: 33.3333%;\">Non-sterilized<\/td><td style=\"width: 33.3333%;\">$63<\/td><td style=\"width: 33.3333%;\">$130<\/td><\/tr><\/tbody><\/table><p>En cas de perte :<\/p><table style=\"border-collapse: collapse; width: 100%;\"><tbody><tr><td style=\"width: 50%;\"><strong>Loss of electronic key<\/strong><\/td><td style=\"width: 50%;\">$26<\/td><\/tr><tr><td style=\"width: 50%;\"><strong>Loss of dog tags<\/strong><\/td><td style=\"width: 50%;\">$26<\/td><\/tr><\/tbody><\/table>\t\t\t\t\t\t\t\t<\/div>\n\t\t\t\t<\/div>\n\t\t\t\t\t<\/details>\n\t\t\t\t\t\t<details id=\"e-n-accordion-item-2541\" class=\"e-n-accordion-item\" >\n\t\t\t\t<summary class=\"e-n-accordion-item-title\" data-accordion-index=\"2\" tabindex=\"-1\" aria-expanded=\"false\" aria-controls=\"e-n-accordion-item-2541\" >\n\t\t\t\t\t<span class='e-n-accordion-item-title-header'><h5 class=\"e-n-accordion-item-title-text\"> Cat Permit <\/h5><\/span>\n\t\t\t\t\t\t\t<span class='e-n-accordion-item-title-icon'>\n\t\t\t<span class='e-opened' ><svg aria-hidden=\"true\" class=\"e-font-icon-svg e-fas-chevron-down\" viewBox=\"0 0 448 512\" xmlns=\"http:\/\/www.w3.org\/2000\/svg\"><path d=\"M207.029 381.476L12.686 187.132c-9.373-9.373-9.373-24.569 0-33.941l22.667-22.667c9.357-9.357 24.522-9.375 33.901-.04L224 284.505l154.745-154.021c9.379-9.335 24.544-9.317 33.901.04l22.667 22.667c9.373 9.373 9.373 24.569 0 33.941L240.971 381.476c-9.373 9.372-24.569 9.372-33.942 0z\"><\/path><\/svg><\/span>\n\t\t\t<span class='e-closed'><svg aria-hidden=\"true\" class=\"e-font-icon-svg e-fas-chevron-right\" viewBox=\"0 0 320 512\" xmlns=\"http:\/\/www.w3.org\/2000\/svg\"><path d=\"M285.476 272.971L91.132 467.314c-9.373 9.373-24.569 9.373-33.941 0l-22.667-22.667c-9.357-9.357-9.375-24.522-.04-33.901L188.505 256 34.484 101.255c-9.335-9.379-9.317-24.544.04-33.901l22.667-22.667c9.373-9.373 24.569-9.373 33.941 0L285.475 239.03c9.373 9.372 9.373 24.568.001 33.941z\"><\/path><\/svg><\/span>\n\t\t<\/span>\n\n\t\t\t\t\t\t<\/summary>\n\t\t\t\t<div role=\"region\" aria-labelledby=\"e-n-accordion-item-2541\" class=\"elementor-element elementor-element-d525cf2 e-con-full e-flex e-con e-child\" data-id=\"d525cf2\" data-element_type=\"container\" data-e-type=\"container\">\n\t\t\t\t<div class=\"elementor-element elementor-element-d5fec02 elementor-widget elementor-widget-text-editor\" data-id=\"d5fec02\" data-element_type=\"widget\" data-e-type=\"widget\" data-widget_type=\"text-editor.default\">\n\t\t\t\t\t\t\t\t\t<p>Your permit will be valid when we verify the uploaded required documents online.<\/p><p>Required documents :<\/p><ul><li>Proof of residency;<\/li><li>Proof of sterilization;<\/li><li>Your most recent vaccination certificate.<\/li><\/ul><p><strong>Registration fees:<br \/><\/strong>Cat licenses are valid for one year from the initial registration date. Cat License fees are as follows and are subject to change:<\/p><table style=\"border-collapse: collapse; width: 100%;\"><tbody><tr><td style=\"width: 33.3333%;\">\u00a0<\/td><td style=\"width: 33.3333%;\"><strong>Residents<\/strong><\/td><td style=\"width: 33.3333%;\"><strong>Non-residents<\/strong><\/td><\/tr><tr><td style=\"width: 33.3333%;\">Sterilized cats<\/td><td style=\"width: 33.3333%;\">$11<\/td><td style=\"width: 33.3333%;\">$11<\/td><\/tr><tr><td style=\"width: 33.3333%;\">Non-sterilized<\/td><td style=\"width: 33.3333%;\">$16<\/td><td style=\"width: 33.3333%;\">$16<\/td><\/tr><\/tbody><\/table>\t\t\t\t\t\t\t\t<\/div>\n\t\t\t\t<\/div>\n\t\t\t\t\t<\/details>\n\t\t\t\t\t\t<details id=\"e-n-accordion-item-2542\" class=\"e-n-accordion-item\" >\n\t\t\t\t<summary class=\"e-n-accordion-item-title\" data-accordion-index=\"3\" tabindex=\"-1\" aria-expanded=\"false\" aria-controls=\"e-n-accordion-item-2542\" >\n\t\t\t\t\t<span class='e-n-accordion-item-title-header'><h5 class=\"e-n-accordion-item-title-text\"> Dog Regulations <\/h5><\/span>\n\t\t\t\t\t\t\t<span class='e-n-accordion-item-title-icon'>\n\t\t\t<span class='e-opened' ><svg aria-hidden=\"true\" class=\"e-font-icon-svg e-fas-chevron-down\" viewBox=\"0 0 448 512\" xmlns=\"http:\/\/www.w3.org\/2000\/svg\"><path d=\"M207.029 381.476L12.686 187.132c-9.373-9.373-9.373-24.569 0-33.941l22.667-22.667c9.357-9.357 24.522-9.375 33.901-.04L224 284.505l154.745-154.021c9.379-9.335 24.544-9.317 33.901.04l22.667 22.667c9.373 9.373 9.373 24.569 0 33.941L240.971 381.476c-9.373 9.372-24.569 9.372-33.942 0z\"><\/path><\/svg><\/span>\n\t\t\t<span class='e-closed'><svg aria-hidden=\"true\" class=\"e-font-icon-svg e-fas-chevron-right\" viewBox=\"0 0 320 512\" xmlns=\"http:\/\/www.w3.org\/2000\/svg\"><path d=\"M285.476 272.971L91.132 467.314c-9.373 9.373-24.569 9.373-33.941 0l-22.667-22.667c-9.357-9.357-9.375-24.522-.04-33.901L188.505 256 34.484 101.255c-9.335-9.379-9.317-24.544.04-33.901l22.667-22.667c9.373-9.373 24.569-9.373 33.941 0L285.475 239.03c9.373 9.372 9.373 24.568.001 33.941z\"><\/path><\/svg><\/span>\n\t\t<\/span>\n\n\t\t\t\t\t\t<\/summary>\n\t\t\t\t<div role=\"region\" aria-labelledby=\"e-n-accordion-item-2542\" class=\"elementor-element elementor-element-4dfff89 e-con-full e-flex e-con e-child\" data-id=\"4dfff89\" data-element_type=\"container\" data-e-type=\"container\">\n\t\t\t\t<div class=\"elementor-element elementor-element-c30aea7 elementor-widget elementor-widget-text-editor\" data-id=\"c30aea7\" data-element_type=\"widget\" data-e-type=\"widget\" data-widget_type=\"text-editor.default\">\n\t\t\t\t\t\t\t\t\t<p><strong>Dogs are permitted in parks, on walkways only<\/strong><\/p><ul><li>Dogs may go onto the grass beside a walkway so long as the owner is on the walkway.<\/li><li>Under no circumstances are dogs permitted in children\u2019s playground areas.\u00a0<\/li><\/ul><p><strong>Dogs must always be on a leash of 12 feet maximum.<\/strong><\/p><p><strong>Dog owners must clean up appropriately and immediately after their dogs.<\/strong><\/p><ul><li>Public security officers will exercise rigorous enforcement.<\/li><\/ul><p><strong>Dogs may be deemed dangerous.<\/strong><\/p><ul><li>Further details on this subject are available in the\u00a0<a href=\"https:\/\/www.hampstead.qc.ca\/en\/city__trashed\/by-laws-and-regulations\/\">By-law<\/a>\u00a0and may be consulted.<\/li><\/ul><p><strong>Fines:<\/strong><\/p><ul><li>Dog owners are obligated by law to clean their dog\u2019s fecal matter.<ul><li>The neglect of cleaning up after one\u2019s dog is liable to a fine of 300$ for the first offence and 500$ for each subsequent offence.<\/li><\/ul><\/li><\/ul>\t\t\t\t\t\t\t\t<\/div>\n\t\t\t\t<\/div>\n\t\t\t\t\t<\/details>\n\t\t\t\t\t<\/div>\n\t\t\t\t\t\t<\/div>\n\t\t\t\t\t<\/div>\n\t\t\t\t<\/div>\n\t\t<div class=\"elementor-element elementor-element-1f3362c1 e-flex e-con-boxed e-con e-parent\" data-id=\"1f3362c1\" data-element_type=\"container\" data-e-type=\"container\">\n\t\t\t\t\t<div class=\"e-con-inner\">\n\t\t\t\t<div class=\"elementor-element elementor-element-11443e19 elementor-widget elementor-widget-heading\" data-id=\"11443e19\" data-element_type=\"widget\" data-e-type=\"widget\" data-widget_type=\"heading.default\">\n\t\t\t\t\t<h3 class=\"elementor-heading-title elementor-size-default\">These pages might interest you<\/h3>\t\t\t\t<\/div>\n\t\t\t\t<div class=\"elementor-element elementor-element-2fb3e34a elementor-widget elementor-widget-related_post\" data-id=\"2fb3e34a\" data-element_type=\"widget\" data-e-type=\"widget\" data-widget_type=\"related_post.default\">\n\t\t\t\t<div class=\"elementor-widget-container\">\n\t\t\t\t\t<div class=\"row narrower related-posts-container\"><div class=\"col-lg-4 col-md-6\"><a href=\"https:\/\/refonte.hampstead.penega.dev\/en\/town\/municipal-by-laws\/\" class=\"related-post-item\"><div class=\"related-post-item-image\"><\/div><div class=\"related-post-item-content\"><h5>Municipal By-laws<\/h5><div class=\"related-post-item-description\">A clear regulatory framework guiding municipal life Municipal by-laws establish the rules and standards that...<\/div><\/div><\/a><\/div><div class=\"col-lg-4 col-md-6\"><a href=\"https:\/\/refonte.hampstead.penega.dev\/en\/town\/town-map\/\" class=\"related-post-item\"><div class=\"related-post-item-image\"><\/div><div class=\"related-post-item-content\"><h5>Town Map<\/h5><div class=\"related-post-item-description\">Interactive map and municipal mapping tools The Town Map of Hampstead allows residents and visitors...<\/div><\/div><\/a><\/div><div class=\"col-lg-4 col-md-6\"><a href=\"https:\/\/refonte.hampstead.penega.dev\/en\/services\/pets\/dog-park\/\" class=\"related-post-item\"><div class=\"related-post-item-image\"><img decoding=\"async\" src=\"https:\/\/refonte.hampstead.penega.dev\/wp-content\/uploads\/2026\/03\/AdobeStock_212257212-WEB-300x200.jpg\" alt=\"Dog Park\"><\/div><div class=\"related-post-item-content\"><h5>Dog Park<\/h5><div class=\"related-post-item-description\">Rules of use and responsible coexistence Located at the corner of Chemin Queen Mary and...<\/div><\/div><\/a><\/div><\/div>\t\t\t\t<\/div>\n\t\t\t\t<\/div>\n\t\t\t\t\t<\/div>\n\t\t\t\t<\/div>\n\t\t\t\t<\/div>\n\t\t","protected":false},"excerpt":{"rendered":"<p>Responsabilit\u00e9s des propri\u00e9taires et enregistrement des\u00a0animaux La Ville de Hampstead encadre la garde des animaux afin d\u2019assurer la s\u00e9curit\u00e9, la propret\u00e9 et la cohabitation harmonieuse dans la communaut\u00e9. Les propri\u00e9taires d\u2019animaux ont l\u2019obligation de respecter la r\u00e9glementation municipale en vigueur, notamment en mati\u00e8re d\u2019enregistrement, de contr\u00f4le et de propret\u00e9. Les r\u00e8gles applicables visent \u00e0 prot\u00e9ger \u00e0 la fois les citoyens et les animaux. Partager Enregistrement obligatoire Tous les chiens doivent \u00eatre enregistr\u00e9s aupr\u00e8s de la Ville conform\u00e9ment au r\u00e8glement 761-3. L\u2019enregistrement annuel permet : D\u2019augmenter les chances de retrouver un animal perdu De confirmer que les vaccins requis sont \u00e0<\/p>\n","protected":false},"author":1,"featured_media":61159,"parent":61876,"menu_order":0,"comment_status":"closed","ping_status":"closed","template":"","meta":{"_acf_changed":false,"footnotes":""},"class_list":["post-61160","page","type-page","status-publish","has-post-thumbnail","hentry"],"acf":[],"_links":{"self":[{"href":"https:\/\/refonte.hampstead.penega.dev\/en\/wp-json\/wp\/v2\/pages\/61160","targetHints":{"allow":["GET"]}}],"collection":[{"href":"https:\/\/refonte.hampstead.penega.dev\/en\/wp-json\/wp\/v2\/pages"}],"about":[{"href":"https:\/\/refonte.hampstead.penega.dev\/en\/wp-json\/wp\/v2\/types\/page"}],"author":[{"embeddable":true,"href":"https:\/\/refonte.hampstead.penega.dev\/en\/wp-json\/wp\/v2\/users\/1"}],"replies":[{"embeddable":true,"href":"https:\/\/refonte.hampstead.penega.dev\/en\/wp-json\/wp\/v2\/comments?post=61160"}],"version-history":[{"count":0,"href":"https:\/\/refonte.hampstead.penega.dev\/en\/wp-json\/wp\/v2\/pages\/61160\/revisions"}],"up":[{"embeddable":true,"href":"https:\/\/refonte.hampstead.penega.dev\/en\/wp-json\/wp\/v2\/pages\/61876"}],"wp:featuredmedia":[{"embeddable":true,"href":"https:\/\/refonte.hampstead.penega.dev\/en\/wp-json\/wp\/v2\/media\/61159"}],"wp:attachment":[{"href":"https:\/\/refonte.hampstead.penega.dev\/en\/wp-json\/wp\/v2\/media?parent=61160"}],"curies":[{"name":"wp","href":"https:\/\/api.w.org\/{rel}","templated":true}]}}